{"id":1400,"date":"2025-03-04T00:22:08","date_gmt":"2025-03-04T00:22:08","guid":{"rendered":"https:\/\/stoicand.com\/legal-notice\/"},"modified":"2025-04-16T13:14:07","modified_gmt":"2025-04-16T13:14:07","slug":"aviso-legal","status":"publish","type":"page","link":"https:\/\/stoicand.com\/es\/aviso-legal\/","title":{"rendered":"Aviso legal"},"content":{"rendered":"\t\t<div data-elementor-type=\"wp-page\" data-elementor-id=\"1400\" class=\"elementor elementor-1400 elementor-892\" data-elementor-post-type=\"page\">\n\t\t\t\t<div class=\"elementor-element elementor-element-5c0e63f4 e-flex e-con-boxed e-con e-parent\" data-id=\"5c0e63f4\" data-element_type=\"container\" data-e-type=\"container\" data-settings=\"{&quot;background_background&quot;:&quot;classic&quot;}\">\n\t\t\t\t\t<div class=\"e-con-inner\">\n\t\t\t\t<div class=\"elementor-element elementor-element-4b02f486 elementor-widget elementor-widget-heading\" data-id=\"4b02f486\" data-element_type=\"widget\" data-e-type=\"widget\" data-widget_type=\"heading.default\">\n\t\t\t\t<div class=\"elementor-widget-container\">\n\t\t\t\t\t<h3 class=\"elementor-heading-title elementor-size-default\">AVISO LEGAL<\/h3>\t\t\t\t<\/div>\n\t\t\t\t<\/div>\n\t\t\t\t\t<\/div>\n\t\t\t\t<\/div>\n\t\t<div class=\"elementor-element elementor-element-59e08f45 e-flex e-con-boxed e-con e-parent\" data-id=\"59e08f45\" data-element_type=\"container\" data-e-type=\"container\" id=\"ourmission\" data-settings=\"{&quot;background_background&quot;:&quot;classic&quot;}\">\n\t\t\t\t\t<div class=\"e-con-inner\">\n\t\t<div class=\"elementor-element elementor-element-f1c3ca8 e-con-full e-flex e-con e-child\" data-id=\"f1c3ca8\" data-element_type=\"container\" data-e-type=\"container\">\n\t\t\t\t<div class=\"elementor-element elementor-element-47fca31 elementor-widget elementor-widget-text-editor\" data-id=\"47fca31\" data-element_type=\"widget\" data-e-type=\"widget\" data-widget_type=\"text-editor.default\">\n\t\t\t\t<div class=\"elementor-widget-container\">\n\t\t\t\t\t\t\t\t\t<p><strong>Finalidad y Titularidad de este Sitio Web<\/strong><\/p><p>Has accedido a este sitio web propiedad de SOCCER&amp;EMOTIONS21 SL. (en adelante, \u201cSTOICAND\u201d), con domicilio en Carrer del Pradas 4, AD300, Ordino (Principado de Andorra), debidamente inscrita en el Registro de Sociedades del Principado de Andorra con el n\u00famero 20621 y con n\u00famero de identificaci\u00f3n fiscal L715713M. El correo electr\u00f3nico de contacto es info@stoicand.com<\/p><p>El dominio de Internet www.stoicand.com, que da acceso a este sitio web, es propiedad de STOICAND.<\/p><p>La finalidad de este sitio es ofrecer informaci\u00f3n sobre los servicios integrales que presta STOICAND.<\/p><p><strong>Aceptaci\u00f3n de los T\u00e9rminos y Condiciones de Uso de este Sitio Web<\/strong><\/p><p>El acceso a este sitio web implica la aceptaci\u00f3n plena por parte de sus usuarios de los t\u00e9rminos y condiciones de uso establecidos en este aviso legal, as\u00ed como de la pol\u00edtica de privacidad y la pol\u00edtica de cookies, que tambi\u00e9n se encuentran disponibles en este sitio web (en adelante, conjuntamente denominados \u201clos T\u00e9rminos y Condiciones\u201d). Asimismo, los usuarios se comprometen a utilizar este sitio web de forma diligente, de acuerdo con la legislaci\u00f3n vigente, la buena fe y las buenas costumbres, y sin contravenir la moral ni el orden p\u00fablico.<\/p><p><strong>Reserva del Derecho a Modificar los T\u00e9rminos y Condiciones de Uso de este Sitio Web<\/strong><\/p><p>STOICAND se reserva el derecho de realizar, sin previo aviso y en cualquier momento, las modificaciones inmediatas y actualizaciones peri\u00f3dicas que considere oportunas en los T\u00e9rminos y Condiciones. Por tanto, STOICAND recomienda que los usuarios de este sitio web revisen peri\u00f3dicamente los T\u00e9rminos y Condiciones.<\/p><p><strong>Derechos y Situaciones Jur\u00eddicas sobre los Contenidos de este Sitio Web<\/strong><\/p><p><strong>Definici\u00f3n del t\u00e9rmino \u00abContenido\u00bb:<\/strong><br \/>El t\u00e9rmino \u201ccontenido\u201d se refiere a todos los materiales que conforman este sitio web, incluyendo, entre otros, el c\u00f3digo fuente, el dise\u00f1o y la estructura del sitio web, los signos distintivos, videos, fotograf\u00edas y textos aqu\u00ed mostrados.<\/p><p><strong>Derechos y Situaciones Jur\u00eddicas sobre los Contenidos:<\/strong><br \/>El contenido de este sitio web est\u00e1 sujeto a derechos de propiedad intelectual, derechos de propiedad industrial, derechos de imagen y\/o a otras situaciones jur\u00eddicas o derechos econ\u00f3micos similares titularidad de STOICAND o de terceros que hayan otorgado las licencias o autorizaciones necesarias. El acceso a este sitio web no otorga a los usuarios titularidad ni derechos de uso sobre los contenidos (incluyendo su reproducci\u00f3n, distribuci\u00f3n, comunicaci\u00f3n p\u00fablica, puesta a disposici\u00f3n o transformaci\u00f3n), salvo que STOICAND o los titulares de dichos derechos y\/o situaciones jur\u00eddicas lo autoricen expresamente en este sitio web o mediante licencias o autorizaciones por escrito.<\/p><p>STOICAND se reserva el derecho a utilizar marcas de agua, dispositivos tecnol\u00f3gicos u otras medidas de seguridad que permitan el rastreo o seguimiento de usos no autorizados de estos contenidos. Asimismo, STOICAND se reserva el derecho a ejercer las acciones legales que correspondan contra los usuarios de este sitio web que infrinjan los derechos de propiedad intelectual, industrial, de imagen y\/o las dem\u00e1s situaciones jur\u00eddicas similares anteriormente mencionadas.<\/p><p>Si alg\u00fan usuario considera que alg\u00fan contenido de este sitio web infringe derechos o situaciones jur\u00eddicas de terceros, deber\u00e1 notificarlo inmediatamente a STOICAND mediante el correo electr\u00f3nico anteriormente indicado, para que la cuesti\u00f3n pueda ser analizada y evaluada.<\/p><p><strong>Derecho de Exclusi\u00f3n<\/strong><\/p><p>STOICAND se reserva el derecho a denegar o suspender, sin previo aviso y a su sola discreci\u00f3n, el acceso a este sitio web a aquellos usuarios que incumplan sus T\u00e9rminos y Condiciones. Este derecho se entiende sin perjuicio de las acciones legales que STOICAND pueda iniciar contra dichos usuarios.<\/p><p><strong>Responsabilidad<\/strong><\/p><p><strong>Conducta del Usuario en este Sitio Web:<\/strong><br \/>STOICAND no se responsabiliza de los da\u00f1os u otras consecuencias derivados del incumplimiento por parte de los usuarios de los T\u00e9rminos y Condiciones.<\/p><p><strong>Otras Cuestiones:<\/strong><br \/>STOICAND no se responsabiliza de los da\u00f1os u otras consecuencias derivados de la indisponibilidad de este sitio web o de sus contenidos por causas t\u00e9cnicas, de seguridad, de control, de actualizaci\u00f3n o de mantenimiento, ni por errores provocados por los servidores o proveedores o intermediarios de terceros.<\/p><p>STOICAND no se responsabiliza de los da\u00f1os ocasionados a los usuarios de este sitio web por software, virus u otros elementos ajenos a su control.<\/p><p>STOICAND no ejerce control alguno sobre los servicios, contenidos y\/u otros elementos accesibles por los usuarios mediante dispositivos t\u00e9cnicos de enlace, directorios u otros medios disponibles en este sitio web (por ejemplo, X, Instagram, LinkedIn y plataformas similares). Por tanto, STOICAND no se responsabiliza de la disponibilidad t\u00e9cnica, calidad o exactitud de los servicios, contenidos y\/u otros elementos accesibles mediante dichos medios, ni de los da\u00f1os o consecuencias derivados de su uso, salvo en lo relativo a aquellos contenidos sobre los que STOICAND tenga control directo en cuanto a su edici\u00f3n.<\/p><p>No obstante lo anterior, si alg\u00fan usuario considera que alguno de los dispositivos de enlace, directorios u otros medios accesibles desde este sitio web vulnera derechos o situaciones jur\u00eddicas de terceros, deber\u00e1 notificarlo inmediatamente a STOICAND mediante el correo electr\u00f3nico anteriormente indicado, para que la cuesti\u00f3n pueda ser analizada y evaluada.<\/p><p><strong>Autorizaci\u00f3n de Enlaces<\/strong><\/p><p>Cualquier enlace de terceros a este sitio web deber\u00e1 dirigirse a su p\u00e1gina de inicio. Se proh\u00edbe expresamente el uso de enlaces profundos, el framing y cualquier otro uso no autorizado de los contenidos de este sitio web por parte de terceros, salvo que se cuente con autorizaci\u00f3n escrita de STOICAND.<\/p><p>Asimismo, STOICAND proh\u00edbe la creaci\u00f3n de enlaces a este sitio web desde otras p\u00e1ginas web con contenidos il\u00edcitos, contrarios a la buena fe, a las buenas costumbres, a la moral o al orden p\u00fablico.<\/p><p><strong>Legislaci\u00f3n Aplicable y Jurisdicci\u00f3n<\/strong><\/p><p>Los T\u00e9rminos y Condiciones se rigen por la legislaci\u00f3n andorrana. Los usuarios de este sitio web se someten a la jurisdicci\u00f3n andorrana, con renuncia expresa a cualquier otro fuero que pudiera corresponderles por ley. Todo ello sin perjuicio de los casos en los que, por raz\u00f3n de la condici\u00f3n de consumidor del usuario, puedan ser de aplicaci\u00f3n otras leyes y\/o jurisdicciones por imperativo legal.<\/p><p><strong>\u00daltima Actualizaci\u00f3n:<\/strong> 15 de enero de 2025<\/p>\t\t\t\t\t\t\t\t<\/div>\n\t\t\t\t<\/div>\n\t\t<div class=\"elementor-element elementor-element-67462c41 e-con-full e-flex e-con e-child\" data-id=\"67462c41\" data-element_type=\"container\" data-e-type=\"container\">\n\t\t<div class=\"elementor-element elementor-element-3c919036 e-con-full e-flex e-con e-child\" data-id=\"3c919036\" data-element_type=\"container\" data-e-type=\"container\">\n\t\t<div class=\"elementor-element elementor-element-24eaa596 e-con-full e-flex e-con e-child\" data-id=\"24eaa596\" data-element_type=\"container\" data-e-type=\"container\">\n\t\t\t\t<\/div>\n\t\t\t\t<\/div>\n\t\t<div class=\"elementor-element elementor-element-2f000cc9 e-con-full e-flex e-con e-child\" data-id=\"2f000cc9\" data-element_type=\"container\" data-e-type=\"container\">\n\t\t\t\t<\/div>\n\t\t<div class=\"elementor-element elementor-element-146864ac e-con-full e-flex e-con e-child\" data-id=\"146864ac\" data-element_type=\"container\" data-e-type=\"container\">\n\t\t\t\t<\/div>\n\t\t\t\t<\/div>\n\t\t\t\t<\/div>\n\t\t\t\t\t<\/div>\n\t\t\t\t<\/div>\n\t\t<div class=\"elementor-element elementor-element-13a7d11a elementor-hidden-desktop elementor-hidden-tablet elementor-hidden-mobile e-flex e-con-boxed e-con e-parent\" data-id=\"13a7d11a\" data-element_type=\"container\" data-e-type=\"container\">\n\t\t\t\t\t<div class=\"e-con-inner\">\n\t\t\t\t<div class=\"elementor-element elementor-element-152d41ca elementor-widget elementor-widget-heading\" data-id=\"152d41ca\" data-element_type=\"widget\" data-e-type=\"widget\" data-widget_type=\"heading.default\">\n\t\t\t\t<div class=\"elementor-widget-container\">\n\t\t\t\t\t<h5 class=\"elementor-heading-title elementor-size-default\">OUR SPONSORS<\/h5>\t\t\t\t<\/div>\n\t\t\t\t<\/div>\n\t\t<div class=\"elementor-element elementor-element-2b6e3fbb e-con-full e-flex e-con e-child\" data-id=\"2b6e3fbb\" data-element_type=\"container\" data-e-type=\"container\">\n\t\t<div class=\"elementor-element elementor-element-17d17811 e-con-full e-flex e-con e-child\" data-id=\"17d17811\" data-element_type=\"container\" data-e-type=\"container\">\n\t\t\t\t<div class=\"elementor-element elementor-element-696e0756 elementor-widget-mobile__width-initial elementor-widget elementor-widget-image\" data-id=\"696e0756\" data-element_type=\"widget\" data-e-type=\"widget\" data-widget_type=\"image.default\">\n\t\t\t\t<div class=\"elementor-widget-container\">\n\t\t\t\t\t\t\t\t\t\t\t\t\t\t\t<img decoding=\"async\" width=\"300\" height=\"100\" src=\"https:\/\/stoicand.com\/wp-content\/uploads\/2025\/02\/L5.png\" class=\"attachment-full size-full wp-image-1194\" alt=\"Logo patrocinador Stoicand Soccer Academy\" \/>\t\t\t\t\t\t\t\t\t\t\t\t\t\t\t<\/div>\n\t\t\t\t<\/div>\n\t\t\t\t<div class=\"elementor-element elementor-element-1dfdc158 elementor-widget-mobile__width-initial elementor-widget elementor-widget-image\" data-id=\"1dfdc158\" data-element_type=\"widget\" data-e-type=\"widget\" data-widget_type=\"image.default\">\n\t\t\t\t<div class=\"elementor-widget-container\">\n\t\t\t\t\t\t\t\t\t\t\t\t\t\t\t<img decoding=\"async\" width=\"300\" height=\"100\" src=\"https:\/\/stoicand.com\/wp-content\/uploads\/2025\/02\/L2.png\" class=\"attachment-full size-full wp-image-1195\" alt=\"Logo patrocinador Stoicand Soccer Academy\" \/>\t\t\t\t\t\t\t\t\t\t\t\t\t\t\t<\/div>\n\t\t\t\t<\/div>\n\t\t\t\t<div class=\"elementor-element elementor-element-162a46c2 elementor-widget-mobile__width-initial elementor-widget elementor-widget-image\" data-id=\"162a46c2\" data-element_type=\"widget\" data-e-type=\"widget\" data-widget_type=\"image.default\">\n\t\t\t\t<div class=\"elementor-widget-container\">\n\t\t\t\t\t\t\t\t\t\t\t\t\t\t\t<img decoding=\"async\" width=\"300\" height=\"100\" src=\"https:\/\/stoicand.com\/wp-content\/uploads\/2025\/02\/L11.png\" class=\"attachment-full size-full wp-image-1196\" alt=\"Logo patrocinador Stoicand Soccer Academy\" \/>\t\t\t\t\t\t\t\t\t\t\t\t\t\t\t<\/div>\n\t\t\t\t<\/div>\n\t\t\t\t<\/div>\n\t\t<div class=\"elementor-element elementor-element-6a6d82a0 e-con-full e-flex e-con e-child\" data-id=\"6a6d82a0\" data-element_type=\"container\" data-e-type=\"container\">\n\t\t\t\t<div class=\"elementor-element elementor-element-839ee09 elementor-widget-mobile__width-initial elementor-widget elementor-widget-image\" data-id=\"839ee09\" data-element_type=\"widget\" data-e-type=\"widget\" data-widget_type=\"image.default\">\n\t\t\t\t<div class=\"elementor-widget-container\">\n\t\t\t\t\t\t\t\t\t\t\t\t\t\t\t<img loading=\"lazy\" decoding=\"async\" width=\"300\" height=\"100\" src=\"https:\/\/stoicand.com\/wp-content\/uploads\/2025\/02\/L7.png\" class=\"attachment-full size-full wp-image-1197\" alt=\"Logo patrocinador Stoicand Soccer Academy\" \/>\t\t\t\t\t\t\t\t\t\t\t\t\t\t\t<\/div>\n\t\t\t\t<\/div>\n\t\t\t\t<div class=\"elementor-element elementor-element-7a95e24c elementor-widget-mobile__width-initial elementor-widget elementor-widget-image\" data-id=\"7a95e24c\" data-element_type=\"widget\" data-e-type=\"widget\" data-widget_type=\"image.default\">\n\t\t\t\t<div class=\"elementor-widget-container\">\n\t\t\t\t\t\t\t\t\t\t\t\t\t\t\t<img loading=\"lazy\" decoding=\"async\" width=\"300\" height=\"100\" src=\"https:\/\/stoicand.com\/wp-content\/uploads\/2025\/02\/L3.png\" class=\"attachment-full size-full wp-image-1198\" alt=\"Logo patrocinador Stoicand Soccer Academy\" \/>\t\t\t\t\t\t\t\t\t\t\t\t\t\t\t<\/div>\n\t\t\t\t<\/div>\n\t\t\t\t<div class=\"elementor-element elementor-element-5b0cd74c elementor-widget-mobile__width-initial elementor-widget elementor-widget-image\" data-id=\"5b0cd74c\" data-element_type=\"widget\" data-e-type=\"widget\" data-widget_type=\"image.default\">\n\t\t\t\t<div class=\"elementor-widget-container\">\n\t\t\t\t\t\t\t\t\t\t\t\t\t\t\t<img loading=\"lazy\" decoding=\"async\" width=\"300\" height=\"100\" src=\"https:\/\/stoicand.com\/wp-content\/uploads\/2025\/02\/L4.png\" class=\"attachment-full size-full wp-image-1199\" alt=\"Logo patrocinador Stoicand Soccer Academy\" \/>\t\t\t\t\t\t\t\t\t\t\t\t\t\t\t<\/div>\n\t\t\t\t<\/div>\n\t\t\t\t<\/div>\n\t\t\t\t<\/div>\n\t\t\t\t\t<\/div>\n\t\t\t\t<\/div>\n\t\t\t\t<\/div>\n\t\t","protected":false},"excerpt":{"rendered":"<p>AVISO LEGAL Finalidad y Titularidad de este Sitio Web Has accedido a este sitio web propiedad de SOCCER&amp;EMOTIONS21 SL. (en adelante, \u201cSTOICAND\u201d), con domicilio en Carrer del Pradas 4, AD300, Ordino (Principado de Andorra), debidamente inscrita en el Registro de Sociedades del Principado de Andorra con el n\u00famero 20621 y con n\u00famero de identificaci\u00f3n fiscal [&hellip;]<\/p>\n","protected":false},"author":2,"featured_media":0,"parent":0,"menu_order":0,"comment_status":"closed","ping_status":"closed","template":"","meta":{"footnotes":""},"class_list":["post-1400","page","type-page","status-publish","hentry"],"yoast_head":"<!-- This site is optimized with the Yoast SEO plugin v25.6 - https:\/\/yoast.com\/wordpress\/plugins\/seo\/ -->\n<title>Aviso legal - Stoicand Soccer Academy<\/title>\n<meta name=\"robots\" content=\"index, follow, max-snippet:-1, max-image-preview:large, max-video-preview:-1\" \/>\n<link rel=\"canonical\" href=\"https:\/\/stoicand.com\/es\/aviso-legal\/\" \/>\n<meta property=\"og:locale\" content=\"es_ES\" \/>\n<meta property=\"og:type\" content=\"article\" \/>\n<meta property=\"og:title\" content=\"Aviso legal - Stoicand Soccer Academy\" \/>\n<meta property=\"og:description\" content=\"AVISO LEGAL Finalidad y Titularidad de este Sitio Web Has accedido a este sitio web propiedad de SOCCER&amp;EMOTIONS21 SL. (en adelante, \u201cSTOICAND\u201d), con domicilio en Carrer del Pradas 4, AD300, Ordino (Principado de Andorra), debidamente inscrita en el Registro de Sociedades del Principado de Andorra con el n\u00famero 20621 y con n\u00famero de identificaci\u00f3n fiscal [&hellip;]\" \/>\n<meta property=\"og:url\" content=\"https:\/\/stoicand.com\/es\/aviso-legal\/\" \/>\n<meta property=\"og:site_name\" content=\"Stoicand Soccer Academy\" \/>\n<meta property=\"article:modified_time\" content=\"2025-04-16T13:14:07+00:00\" \/>\n<meta property=\"og:image\" content=\"http:\/\/stoicand.com\/wp-content\/uploads\/2025\/02\/L5.png\" \/>\n<meta name=\"twitter:card\" content=\"summary_large_image\" \/>\n<meta name=\"twitter:label1\" content=\"Tiempo de lectura\" \/>\n\t<meta name=\"twitter:data1\" content=\"6 minutos\" \/>\n<script type=\"application\/ld+json\" class=\"yoast-schema-graph\">{\"@context\":\"https:\/\/schema.org\",\"@graph\":[{\"@type\":\"WebPage\",\"@id\":\"https:\/\/stoicand.com\/es\/aviso-legal\/\",\"url\":\"https:\/\/stoicand.com\/es\/aviso-legal\/\",\"name\":\"Aviso legal - Stoicand Soccer Academy\",\"isPartOf\":{\"@id\":\"https:\/\/stoicand.com\/es\/#website\"},\"primaryImageOfPage\":{\"@id\":\"https:\/\/stoicand.com\/es\/aviso-legal\/#primaryimage\"},\"image\":{\"@id\":\"https:\/\/stoicand.com\/es\/aviso-legal\/#primaryimage\"},\"thumbnailUrl\":\"http:\/\/stoicand.com\/wp-content\/uploads\/2025\/02\/L5.png\",\"datePublished\":\"2025-03-04T00:22:08+00:00\",\"dateModified\":\"2025-04-16T13:14:07+00:00\",\"breadcrumb\":{\"@id\":\"https:\/\/stoicand.com\/es\/aviso-legal\/#breadcrumb\"},\"inLanguage\":\"es\",\"potentialAction\":[{\"@type\":\"ReadAction\",\"target\":[\"https:\/\/stoicand.com\/es\/aviso-legal\/\"]}]},{\"@type\":\"ImageObject\",\"inLanguage\":\"es\",\"@id\":\"https:\/\/stoicand.com\/es\/aviso-legal\/#primaryimage\",\"url\":\"http:\/\/stoicand.com\/wp-content\/uploads\/2025\/02\/L5.png\",\"contentUrl\":\"http:\/\/stoicand.com\/wp-content\/uploads\/2025\/02\/L5.png\"},{\"@type\":\"BreadcrumbList\",\"@id\":\"https:\/\/stoicand.com\/es\/aviso-legal\/#breadcrumb\",\"itemListElement\":[{\"@type\":\"ListItem\",\"position\":1,\"name\":\"Home\",\"item\":\"https:\/\/stoicand.com\/es\/\"},{\"@type\":\"ListItem\",\"position\":2,\"name\":\"Aviso legal\"}]},{\"@type\":\"WebSite\",\"@id\":\"https:\/\/stoicand.com\/es\/#website\",\"url\":\"https:\/\/stoicand.com\/es\/\",\"name\":\"Stoicand Soccer Academy\",\"description\":\"Football Academy\",\"potentialAction\":[{\"@type\":\"SearchAction\",\"target\":{\"@type\":\"EntryPoint\",\"urlTemplate\":\"https:\/\/stoicand.com\/es\/?s={search_term_string}\"},\"query-input\":{\"@type\":\"PropertyValueSpecification\",\"valueRequired\":true,\"valueName\":\"search_term_string\"}}],\"inLanguage\":\"es\"}]}<\/script>\n<!-- \/ Yoast SEO plugin. -->","yoast_head_json":{"title":"Aviso legal - Stoicand Soccer Academy","robots":{"index":"index","follow":"follow","max-snippet":"max-snippet:-1","max-image-preview":"max-image-preview:large","max-video-preview":"max-video-preview:-1"},"canonical":"https:\/\/stoicand.com\/es\/aviso-legal\/","og_locale":"es_ES","og_type":"article","og_title":"Aviso legal - Stoicand Soccer Academy","og_description":"AVISO LEGAL Finalidad y Titularidad de este Sitio Web Has accedido a este sitio web propiedad de SOCCER&amp;EMOTIONS21 SL. (en adelante, \u201cSTOICAND\u201d), con domicilio en Carrer del Pradas 4, AD300, Ordino (Principado de Andorra), debidamente inscrita en el Registro de Sociedades del Principado de Andorra con el n\u00famero 20621 y con n\u00famero de identificaci\u00f3n fiscal [&hellip;]","og_url":"https:\/\/stoicand.com\/es\/aviso-legal\/","og_site_name":"Stoicand Soccer Academy","article_modified_time":"2025-04-16T13:14:07+00:00","og_image":[{"url":"http:\/\/stoicand.com\/wp-content\/uploads\/2025\/02\/L5.png","type":"","width":"","height":""}],"twitter_card":"summary_large_image","twitter_misc":{"Tiempo de lectura":"6 minutos"},"schema":{"@context":"https:\/\/schema.org","@graph":[{"@type":"WebPage","@id":"https:\/\/stoicand.com\/es\/aviso-legal\/","url":"https:\/\/stoicand.com\/es\/aviso-legal\/","name":"Aviso legal - Stoicand Soccer Academy","isPartOf":{"@id":"https:\/\/stoicand.com\/es\/#website"},"primaryImageOfPage":{"@id":"https:\/\/stoicand.com\/es\/aviso-legal\/#primaryimage"},"image":{"@id":"https:\/\/stoicand.com\/es\/aviso-legal\/#primaryimage"},"thumbnailUrl":"http:\/\/stoicand.com\/wp-content\/uploads\/2025\/02\/L5.png","datePublished":"2025-03-04T00:22:08+00:00","dateModified":"2025-04-16T13:14:07+00:00","breadcrumb":{"@id":"https:\/\/stoicand.com\/es\/aviso-legal\/#breadcrumb"},"inLanguage":"es","potentialAction":[{"@type":"ReadAction","target":["https:\/\/stoicand.com\/es\/aviso-legal\/"]}]},{"@type":"ImageObject","inLanguage":"es","@id":"https:\/\/stoicand.com\/es\/aviso-legal\/#primaryimage","url":"http:\/\/stoicand.com\/wp-content\/uploads\/2025\/02\/L5.png","contentUrl":"http:\/\/stoicand.com\/wp-content\/uploads\/2025\/02\/L5.png"},{"@type":"BreadcrumbList","@id":"https:\/\/stoicand.com\/es\/aviso-legal\/#breadcrumb","itemListElement":[{"@type":"ListItem","position":1,"name":"Home","item":"https:\/\/stoicand.com\/es\/"},{"@type":"ListItem","position":2,"name":"Aviso legal"}]},{"@type":"WebSite","@id":"https:\/\/stoicand.com\/es\/#website","url":"https:\/\/stoicand.com\/es\/","name":"Stoicand Soccer Academy","description":"Football Academy","potentialAction":[{"@type":"SearchAction","target":{"@type":"EntryPoint","urlTemplate":"https:\/\/stoicand.com\/es\/?s={search_term_string}"},"query-input":{"@type":"PropertyValueSpecification","valueRequired":true,"valueName":"search_term_string"}}],"inLanguage":"es"}]}},"_links":{"self":[{"href":"https:\/\/stoicand.com\/es\/wp-json\/wp\/v2\/pages\/1400","targetHints":{"allow":["GET"]}}],"collection":[{"href":"https:\/\/stoicand.com\/es\/wp-json\/wp\/v2\/pages"}],"about":[{"href":"https:\/\/stoicand.com\/es\/wp-json\/wp\/v2\/types\/page"}],"author":[{"embeddable":true,"href":"https:\/\/stoicand.com\/es\/wp-json\/wp\/v2\/users\/2"}],"replies":[{"embeddable":true,"href":"https:\/\/stoicand.com\/es\/wp-json\/wp\/v2\/comments?post=1400"}],"version-history":[{"count":4,"href":"https:\/\/stoicand.com\/es\/wp-json\/wp\/v2\/pages\/1400\/revisions"}],"predecessor-version":[{"id":1415,"href":"https:\/\/stoicand.com\/es\/wp-json\/wp\/v2\/pages\/1400\/revisions\/1415"}],"wp:attachment":[{"href":"https:\/\/stoicand.com\/es\/wp-json\/wp\/v2\/media?parent=1400"}],"curies":[{"name":"wp","href":"https:\/\/api.w.org\/{rel}","templated":true}]}}